{"id":50,"date":"2023-10-06T09:53:47","date_gmt":"2023-10-06T07:53:47","guid":{"rendered":"https:\/\/domdzieckastarachowice.pl\/?page_id=50"},"modified":"2025-11-05T13:09:54","modified_gmt":"2025-11-05T12:09:54","slug":"ogloszenia","status":"publish","type":"page","link":"https:\/\/domdzieckastarachowice.pl\/?page_id=50","title":{"rendered":"Og\u0142oszenia"},"content":{"rendered":"\n<h2 class=\"wp-block-heading has-text-align-center\"><strong>Informacja<br><br>W dniu 10 listopada 2025 r. sekretariat Plac\u00f3wki Opieku\u0144czo-Wychowawczej                    w Starachowicach b\u0119dzie nieczynny. Tego dnia nie b\u0119dzie mo\u017cliwo\u015bci za\u0142atwiania spraw administracyjnych.<br><br>Dzie\u0144 10 listopada 2025 r. jest dniem wolnym od pracy dla pracownik\u00f3w administracji w zamian za \u015bwi\u0119to przypadaj\u0105ce w sobot\u0119 \u2013 1 listopada.<\/strong><\/h2>\n","protected":false},"excerpt":{"rendered":"<p>Informacja W dniu 10 listopada 2025 r. sekretariat Plac\u00f3wki Opieku\u0144czo-Wychowawczej w Starachowicach b\u0119dzie nieczynny. Tego dnia nie b\u0119dzie mo\u017cliwo\u015bci za\u0142atwiania spraw administracyjnych. Dzie\u0144 10 listopada 2025 r. jest dniem wolnym od pracy dla pracownik\u00f3w administracji w zamian za \u015bwi\u0119to przypadaj\u0105ce w sobot\u0119 \u2013 1 listopada.<\/p>\n","protected":false},"author":1,"featured_media":0,"parent":0,"menu_order":0,"comment_status":"closed","ping_status":"closed","template":"","meta":{"_acf_changed":false,"site-sidebar-layout":"default","site-content-layout":"","ast-site-content-layout":"","site-content-style":"default","site-sidebar-style":"default","ast-global-header-display":"","ast-banner-title-visibility":"","ast-main-header-display":"","ast-hfb-above-header-display":"","ast-hfb-below-header-display":"","ast-hfb-mobile-header-display":"","site-post-title":"","ast-breadcrumbs-content":"","ast-featured-img":"","footer-sml-layout":"","theme-transparent-header-meta":"","adv-header-id-meta":"","stick-header-meta":"","header-above-stick-meta":"","header-main-stick-meta":"","header-below-stick-meta":"","astra-migrate-meta-layouts":"","footnotes":""},"class_list":["post-50","page","type-page","status-publish","hentry"],"acf":[],"_links":{"self":[{"href":"https:\/\/domdzieckastarachowice.pl\/index.php?rest_route=\/wp\/v2\/pages\/50","targetHints":{"allow":["GET"]}}],"collection":[{"href":"https:\/\/domdzieckastarachowice.pl\/index.php?rest_route=\/wp\/v2\/pages"}],"about":[{"href":"https:\/\/domdzieckastarachowice.pl\/index.php?rest_route=\/wp\/v2\/types\/page"}],"author":[{"embeddable":true,"href":"https:\/\/domdzieckastarachowice.pl\/index.php?rest_route=\/wp\/v2\/users\/1"}],"replies":[{"embeddable":true,"href":"https:\/\/domdzieckastarachowice.pl\/index.php?rest_route=%2Fwp%2Fv2%2Fcomments&post=50"}],"version-history":[{"count":2,"href":"https:\/\/domdzieckastarachowice.pl\/index.php?rest_route=\/wp\/v2\/pages\/50\/revisions"}],"predecessor-version":[{"id":553,"href":"https:\/\/domdzieckastarachowice.pl\/index.php?rest_route=\/wp\/v2\/pages\/50\/revisions\/553"}],"wp:attachment":[{"href":"https:\/\/domdzieckastarachowice.pl\/index.php?rest_route=%2Fwp%2Fv2%2Fmedia&parent=50"}],"curies":[{"name":"wp","href":"https:\/\/api.w.org\/{rel}","templated":true}]}}