{"id":20,"date":"2023-10-06T08:18:45","date_gmt":"2023-10-06T06:18:45","guid":{"rendered":"https:\/\/domdzieckastarachowice.pl\/?page_id=20"},"modified":"2024-01-12T14:50:09","modified_gmt":"2024-01-12T13:50:09","slug":"kadra","status":"publish","type":"page","link":"https:\/\/domdzieckastarachowice.pl\/?page_id=20","title":{"rendered":"Kadra"},"content":{"rendered":"\n<pre class=\"wp-block-preformatted\"><strong>W naszym domu, kt\u00f3rym kieruje Pani Dyrektor, pracuje wykwalifikowana kadra, w tym: wychowawcy, kt\u00f3rzy zmagaj\u0105 si\u0119 codziennie z problemami swoich podopiecznych.<\/strong><\/pre>\n\n\n\n<pre class=\"wp-block-preformatted\"><strong>Pracownicy Plac\u00f3wki Opieku\u0144czo-Wychowawczej s\u0105 otwarci na innowacyjne, tw\u00f3rcze pomys\u0142y, kt\u00f3re maj\u0105 na celu zapewnienie dzieciom jak najlepszych warunk\u00f3w do \u017cycia, nauki i samorealizacji. W naszej plac\u00f3wce w pracy z dzie\u0107mi pomaga psycholog, kt\u00f3ry organizuje z wychowankami zaj\u0119cia grupowe i indywidualne. Pomoc specjalistyczn\u0105 rodzinom zapewnia pracownik socjalny. W prac\u0119 na rzecz sprawowania opieki i wychowania zaanga\u017cowany jest ca\u0142y personel domu dziecka, zar\u00f3wno wychowawcy, jak i pracownicy administracyjni i gospodarczy. &nbsp;Osoby te dbaj\u0105 o zaopatrzenie dzieci w niezb\u0119dne przedmioty, pomoc w wystroju pokoi, dbanie o przystrojenie naszego domu, pilnowanie i zapewnienie czysto\u015bci w plac\u00f3wce i wok\u00f3\u0142 budynku. Wychowawcy organizuj\u0105 czas wolny naszym podopiecznym. Dodatkowo Plac\u00f3wka Opieku\u0144czo- Wychowawcza zatrudnia Instruktora Kulturalno- O\u015bwiatowego, kt\u00f3ry organizuje zaj\u0119cia muzyczne z dzie\u0107mi, przygotowuje wyst\u0119py, oraz uczy gry na instrumentach.<\/strong><\/pre>\n\n\n\n<figure class=\"wp-block-image aligncenter size-large\"><img fetchpriority=\"high\" decoding=\"async\" width=\"1024\" height=\"623\" src=\"https:\/\/domdzieckastarachowice.pl\/wp-content\/uploads\/2024\/01\/struktura-ZATRUDNIENIA-2023-1-1024x623.jpg\" alt=\"\" class=\"wp-image-149\" srcset=\"https:\/\/domdzieckastarachowice.pl\/wp-content\/uploads\/2024\/01\/struktura-ZATRUDNIENIA-2023-1-1024x623.jpg 1024w, https:\/\/domdzieckastarachowice.pl\/wp-content\/uploads\/2024\/01\/struktura-ZATRUDNIENIA-2023-1-300x183.jpg 300w, https:\/\/domdzieckastarachowice.pl\/wp-content\/uploads\/2024\/01\/struktura-ZATRUDNIENIA-2023-1-768x467.jpg 768w, https:\/\/domdzieckastarachowice.pl\/wp-content\/uploads\/2024\/01\/struktura-ZATRUDNIENIA-2023-1-1536x935.jpg 1536w, https:\/\/domdzieckastarachowice.pl\/wp-content\/uploads\/2024\/01\/struktura-ZATRUDNIENIA-2023-1.jpg 1868w\" sizes=\"(max-width: 1024px) 100vw, 1024px\" \/><\/figure>\n","protected":false},"excerpt":{"rendered":"<p>W naszym domu, kt\u00f3rym kieruje Pani Dyrektor, pracuje wykwalifikowana kadra, w tym: wychowawcy, kt\u00f3rzy zmagaj\u0105 si\u0119 codziennie z problemami swoich podopiecznych. Pracownicy Plac\u00f3wki Opieku\u0144czo-Wychowawczej s\u0105 otwarci na innowacyjne, tw\u00f3rcze pomys\u0142y, kt\u00f3re maj\u0105 na celu zapewnienie dzieciom jak najlepszych warunk\u00f3w do \u017cycia, nauki i samorealizacji. W naszej plac\u00f3wce w pracy z dzie\u0107mi pomaga psycholog, kt\u00f3ry organizuje &hellip;<\/p>\n<p class=\"read-more\"> <a class=\"\" href=\"https:\/\/domdzieckastarachowice.pl\/?page_id=20\"> <span class=\"screen-reader-text\">Kadra<\/span> Read More &raquo;<\/a><\/p>\n","protected":false},"author":1,"featured_media":0,"parent":0,"menu_order":0,"comment_status":"closed","ping_status":"closed","template":"","meta":{"_acf_changed":false,"site-sidebar-layout":"default","site-content-layout":"","ast-site-content-layout":"","site-content-style":"default","site-sidebar-style":"default","ast-global-header-display":"","ast-banner-title-visibility":"","ast-main-header-display":"","ast-hfb-above-header-display":"","ast-hfb-below-header-display":"","ast-hfb-mobile-header-display":"","site-post-title":"","ast-breadcrumbs-content":"","ast-featured-img":"","footer-sml-layout":"","theme-transparent-header-meta":"","adv-header-id-meta":"","stick-header-meta":"","header-above-stick-meta":"","header-main-stick-meta":"","header-below-stick-meta":"","astra-migrate-meta-layouts":"","footnotes":""},"class_list":["post-20","page","type-page","status-publish","hentry"],"acf":[],"_links":{"self":[{"href":"https:\/\/domdzieckastarachowice.pl\/index.php?rest_route=\/wp\/v2\/pages\/20","targetHints":{"allow":["GET"]}}],"collection":[{"href":"https:\/\/domdzieckastarachowice.pl\/index.php?rest_route=\/wp\/v2\/pages"}],"about":[{"href":"https:\/\/domdzieckastarachowice.pl\/index.php?rest_route=\/wp\/v2\/types\/page"}],"author":[{"embeddable":true,"href":"https:\/\/domdzieckastarachowice.pl\/index.php?rest_route=\/wp\/v2\/users\/1"}],"replies":[{"embeddable":true,"href":"https:\/\/domdzieckastarachowice.pl\/index.php?rest_route=%2Fwp%2Fv2%2Fcomments&post=20"}],"version-history":[{"count":6,"href":"https:\/\/domdzieckastarachowice.pl\/index.php?rest_route=\/wp\/v2\/pages\/20\/revisions"}],"predecessor-version":[{"id":306,"href":"https:\/\/domdzieckastarachowice.pl\/index.php?rest_route=\/wp\/v2\/pages\/20\/revisions\/306"}],"wp:attachment":[{"href":"https:\/\/domdzieckastarachowice.pl\/index.php?rest_route=%2Fwp%2Fv2%2Fmedia&parent=20"}],"curies":[{"name":"wp","href":"https:\/\/api.w.org\/{rel}","templated":true}]}}